{"id":8,"date":"2016-06-12T16:01:12","date_gmt":"2016-06-12T16:01:12","guid":{"rendered":"http:\/\/madhel.eu\/?page_id=8"},"modified":"2023-06-13T09:51:08","modified_gmt":"2023-06-13T09:51:08","slug":"estudio","status":"publish","type":"page","link":"https:\/\/madhel.eu\/index.php\/estudio\/","title":{"rendered":"ESTUDIO"},"content":{"rendered":"<h3 style=\"text-align: center;\">CONTACTO<\/h3>\n<p style=\"text-align: center;\">Nos puedes contactar en<\/p>\n<p style=\"text-align: center;\">calle Santa In\u00e9s 10, bajo, local MADRID 28012<br \/>\nemail:<br \/>\nweb@madhel.eu<\/p>\n<hr \/>\n<h3 style=\"text-align: center;\">HISTORIA<\/h3>\n<p>Tras fundar estudio untercio en 2006 y despu\u00e9s de casi diez a\u00f1os de concursos, proyectos y obras, Daniel Bergman y Miguel Herraiz empiezan un nuevo camino en estudio MADhel, en el que seguir\u00e1n l\u00edneas ya exploradas, del edificio a la ciudad y de la ciudad al edificio, y explorar\u00e1n nuevos retos y tecnolog\u00edas, como la sostenibilidad y el bim. Una arquitectura urbana ligada a la ciudad, con especial inter\u00e9s en la vivienda y\u00a0 un urbanismo de escala cercana que se preocupa y prepara la inserci\u00f3n de los edificios.<\/p>\n<p>MADhel es un estudio formado por:<\/p>\n<p>&nbsp;<\/p>\n[columnize]\n<h5>MIGUEL HERRAIZ<\/h5>\n<p>(1978. Madrid, Espa\u00f1a) es arquitecto por la ETSAM (2005) y Master en An\u00e1lisis Teor\u00eda e Historia de la Arquitectura por la misma universidad. Especialista en vivienda colectiva. Experiencia adquirida en desarrollo de proyectos de vivienda social para la EMVS durante 10 a\u00f1os y 2 a\u00f1os para el PMH de Barcelona como socio del estudio UNTERCIO. Compagina la labor profesional con la acad\u00e9mica como investigador del Grupo de Investigaci\u00f3n en Vivienda Colectiva Contempor\u00e1nea Europea de la ETSAM desde el a\u00f1o 2012.<br \/>\nDise\u00f1o y comisariado de exposiciones con Nexatenaus. Cr\u00edtica y asesor\u00eda en arquitectura y dise\u00f1o contempor\u00e1neo.<\/p>\n<h5><\/h5>\n<h5>DANIEL BERGMAN<\/h5>\n<p>(1978. Siboo, Finlandia) es arquitecto por la ETSAM (2005), con calificaci\u00f3n de sobresaliente y Premio Extraordinario Fin de Carrera. M\u00e1ster en Urbanismo y Ordenaci\u00f3n del Territorio en 2013 en la misma universidad. Interesado en vivienda colectiva, m\u00e9todos de evaluaci\u00f3n de la satisfacci\u00f3n residencial y la calidad en la vivienda, entiende el dise\u00f1o como un proceso circular de retroalimentaci\u00f3n y di\u00e1logo. Interesado tambi\u00e9n en la ciudad y la intereacci\u00f3n de la movilidad, space syntax y los sistemas gis. Entre 2003 y 2007 trabaj\u00f3 en el estudio de Javier S\u00e1enz Guerra en Madrid, con quien realiz\u00f3 innumerables concursos, obteniendo premios en algunos (viviendas para la EMVS, por ejemplo),\u00a0 y m\u00e1s tarde en Auer y Sand\u00e2s en Finlandia, d\u00f3nde aprendi\u00f3 sobre la estandarizaci\u00f3n de procesos en la gesti\u00f3n de la informaci\u00f3n para liberar tiempo creativo.<br \/>\n[\/columnize]\n<h3 style=\"text-align: center;\">PREMIOS<\/h3>\n<hr \/>\n[columnize]\n<p>Obra construida:<br \/>\n<strong>2022 PRIMER PREMIO<\/strong>&#8211; TECHNAL PLAMARES por LaScala NSA6. Categor\u00eda Habitar vivienda colectiva<br \/>\n<strong>2022 PRIMER PREMIO<\/strong>&#8211; BAUMIT LIFE CHALLENGE por LaScala NSA6. Fasade of the year. Category: Multi-family house<br \/>\n<strong>2014 PRIMER PREMIO<\/strong>&#8211; BAUMIT LIFE CHALLENGE 66 AWARD. Fasade of the year. All categories and Category: Multi-family house<br \/>\n<strong>2013 ACCESIT<\/strong> &#8211; ASPRIMA AWARD. Nueva vivienda de Iniciativa P\u00fablica,Vallecas 47 EMVS, Madrid<\/p>\n<p>Vivienda colectiva:<br \/>\n<strong>2022 PRIMER PREMIO<\/strong> \u2013 En Com\u00fan, 62 viviendas para E.M.V.S. en Barajas, Madrid.<br \/>\n<strong>2022 PRIMER PREMIO<\/strong> &#8211; 252 viviendas para el Ayuntamiento de Santa Cruz de Tenerife en Cuevas Blancas. Con Sic Arquitectura y urbanismo<br \/>\n<strong>2019 PRIMER PREMIO<\/strong> &#8211; Luke, 90 viviendas para E.M.V.S. en El Ca\u00f1averal, Vic\u00e1lvaro, Madrid. Con Mediopunto arquitectura<br \/>\n<strong>2018 PRIMER PREMIO<\/strong> en concurso restringido-Entrepatios Vallekas, 10 viviendas en r\u00e9gimen de cesi\u00f3n de uso en Villa de Vallecas, Madrid. Con Gloria G\u00f3mez y Margarita de Lux\u00e1n.<br \/>\n<strong>2017 PRIMER PREMIO<\/strong> &#8211; Zagzig, 78 viviendas para E.M.V.S. en la Rosilla Lote 3, Vallecas, Madrid<br \/>\n<strong>2017 FINALISTA<\/strong> &#8211; Aire sol i llimona, PEMU Glories, Barcelona<br \/>\n<strong>2015 PRIMER PREMIO<\/strong> &#8211; De peus a Terra, 50 viviendas para el PMHB en Bon Pastor, Barcelona<br \/>\n<strong>2011 PRIMER PREMIO <\/strong>&#8211; TwPeaks, 140 viviendas para E.M.V.S. en Nuestra Se\u00f1ora de los \u00c1ngeles, Madrid<br \/>\n<strong>2010 PRIMER PREMIO<\/strong> &#8211; La Scala, 100 viviendas para E.M.V.S. en Nuestra Se\u00f1ora de los \u00c1ngeles, Madrid<br \/>\n<strong>2010 PRIMER PREMIO<\/strong> &#8211; El abrazo, 106 viviendas para E.M.V.S. en Nuestra Se\u00f1ora de los \u00c1ngeles, Madrid<br \/>\n<strong>2009 ACCESIT<\/strong> &#8211; 17 viviendas para SUMPASA in calle Tubo, H\u00famera, Pozuelo de Alarc\u00f3n<br \/>\n<strong>2008 PRIMER PREMIO<\/strong> &#8211; Azul, 102 viviendas para E.M.V.S. en San Francisco Javier, Madrid<br \/>\n<strong>2006 PRIMER PREMIO<\/strong> &#8211; Vallecas 47, 46 viviendas para E.M.V.S. en Ensanche de Vallecas, Madrid<\/p>\n<p><strong>Urbanismo:<\/strong><br \/>\n<strong> 2015 SEGUNDO PREMIO<\/strong> en concurso concurso internacional de ideas para la renovaci\u00f3n urbana de la antigua autopistaA-66 en Oviedo<br \/>\n<strong>2015 MENCI\u00d3N<\/strong> concurso de ideas para la remodelaci\u00f3n urbana del \u00e1rea industrial de Sik\u00f6ren en en centro de Jakobstad, Finlandia<br \/>\n<strong>2013 SEGUNDO PREMIO<\/strong> &#8211; dise\u00f1o urbano de la plaza Isidoro Macabich . Sta Eulalia, Ibiza<br \/>\n<strong>2008 ACCESIT<\/strong> &#8211; Urban plan proposal for the tourist centre of Saariselk\u00e4 2020, Finland<br \/>\n<strong>2008 MENCI\u00d3N DE HONOR<\/strong> &#8211; Urban planning proposal for Kirkkoj\u00e4rven ranta, Myrskyl\u00e4, Finland<br \/>\n<strong>2007 FINALISTA<\/strong> &#8211; Urbanizaci\u00f3n de el area Pez-Luna para la E.M.V.S. Madrid<br \/>\n<strong>2005 MENCI\u00d3N<\/strong> concurso \u201cEUROPAN 8\u201d, urbanidad europea y proyectos estrat\u00e9gicos, en Cartes, Cantabria junto con Susana Velasco<\/p>\n<p>Edificios p\u00fablicos:<br \/>\n<strong>2015 FINALISTA<\/strong> concurso de proyectos del balneario de la Fuente Santa en La Palma, 2015.<br \/>\n<strong>2007 TERCER PREMIO<\/strong> &#8211; concurso J5 , biblioteca p\u00fablica y diez viviendas en Montoro,C\u00f3rdoba<\/p>\n[\/columnize]\n","protected":false},"excerpt":{"rendered":"<p>CONTACTO Nos puedes contactar en calle Santa In\u00e9s 10, bajo, local MADRID 28012 email: web@madhel.eu HISTORIA Tras fundar estudio untercio en 2006 y despu\u00e9s de casi diez a\u00f1os de concursos, proyectos y obras, Daniel Bergman y Miguel Herraiz empiezan un nuevo camino en estudio MADhel, en el que seguir\u00e1n l\u00edneas ya exploradas, del edificio a la ciudad y de la &#8230;<\/p>\n","protected":false},"author":1,"featured_media":0,"parent":0,"menu_order":0,"comment_status":"closed","ping_status":"closed","template":"","meta":{"footnotes":""},"class_list":["post-8","page","type-page","status-publish","hentry","no-post-thumbnail"],"_links":{"self":[{"href":"https:\/\/madhel.eu\/index.php\/wp-json\/wp\/v2\/pages\/8","targetHints":{"allow":["GET"]}}],"collection":[{"href":"https:\/\/madhel.eu\/index.php\/wp-json\/wp\/v2\/pages"}],"about":[{"href":"https:\/\/madhel.eu\/index.php\/wp-json\/wp\/v2\/types\/page"}],"author":[{"embeddable":true,"href":"https:\/\/madhel.eu\/index.php\/wp-json\/wp\/v2\/users\/1"}],"replies":[{"embeddable":true,"href":"https:\/\/madhel.eu\/index.php\/wp-json\/wp\/v2\/comments?post=8"}],"version-history":[{"count":0,"href":"https:\/\/madhel.eu\/index.php\/wp-json\/wp\/v2\/pages\/8\/revisions"}],"wp:attachment":[{"href":"https:\/\/madhel.eu\/index.php\/wp-json\/wp\/v2\/media?parent=8"}],"curies":[{"name":"wp","href":"https:\/\/api.w.org\/{rel}","templated":true}]}}